{"id":5443,"date":"2017-12-27T15:59:50","date_gmt":"2017-12-27T14:59:50","guid":{"rendered":"http:\/\/www.sfup.org\/sfupwp\/?page_id=5443"},"modified":"2026-04-26T10:25:16","modified_gmt":"2026-04-26T09:25:16","slug":"teatrup-teens","status":"publish","type":"page","link":"https:\/\/www.sfup.org\/sfupwp\/teatrup-teens\/","title":{"rendered":"Teatr&#8217;UP TEENS"},"content":{"rendered":"\t\t<div data-elementor-type=\"wp-page\" data-elementor-id=\"5443\" class=\"elementor elementor-5443\" data-elementor-post-type=\"page\">\n\t\t\t\t<div class=\"elementor-element elementor-element-81de02f e-flex e-con-boxed e-con e-parent\" data-id=\"81de02f\" data-element_type=\"container\" data-e-type=\"container\">\n\t\t\t\t\t<div class=\"e-con-inner\">\n\t\t\t\t<div class=\"elementor-element elementor-element-7e3f85d4 elementor-widget elementor-widget-image\" data-id=\"7e3f85d4\" data-element_type=\"widget\" data-e-type=\"widget\" data-widget_type=\"image.default\">\n\t\t\t\t\t\t\t\t\t\t\t\t\t\t\t<img fetchpriority=\"high\" decoding=\"async\" width=\"500\" height=\"121\" src=\"https:\/\/www.sfup.org\/sfupwp\/wp-content\/uploads\/2026\/04\/Logo_TeatrUP_teens.png\" class=\"attachment-large size-large wp-image-25160\" alt=\"TeatrUP teens\" srcset=\"https:\/\/www.sfup.org\/sfupwp\/wp-content\/uploads\/2026\/04\/Logo_TeatrUP_teens.png 500w, https:\/\/www.sfup.org\/sfupwp\/wp-content\/uploads\/2026\/04\/Logo_TeatrUP_teens-300x73.png 300w\" sizes=\"(max-width: 500px) 100vw, 500px\" \/>\t\t\t\t\t\t\t\t\t\t\t\t\t\t\t<\/div>\n\t\t\t\t\t<\/div>\n\t\t\t\t<\/div>\n\t\t<div class=\"elementor-element elementor-element-18a7149f e-flex e-con-boxed e-con e-parent\" data-id=\"18a7149f\" data-element_type=\"container\" data-e-type=\"container\" data-settings=\"{&quot;background_background&quot;:&quot;classic&quot;}\">\n\t\t\t\t\t<div class=\"e-con-inner\">\n\t\t<div class=\"elementor-element elementor-element-2b8ba262 e-con-full e-flex e-con e-child\" data-id=\"2b8ba262\" data-element_type=\"container\" data-e-type=\"container\">\n\t\t\t\t<div class=\"elementor-element elementor-element-53d09a12 elementor-widget elementor-widget-heading\" data-id=\"53d09a12\" data-element_type=\"widget\" data-e-type=\"widget\" data-widget_type=\"heading.default\">\n\t\t\t\t\t<h2 class=\"elementor-heading-title elementor-size-default\"><a href=\"#\">Teatr\u2019UP Teens<\/a><\/h2>\t\t\t\t<\/div>\n\t\t\t\t<div class=\"elementor-element elementor-element-6633dcb3 elementor-widget elementor-widget-heading\" data-id=\"6633dcb3\" data-element_type=\"widget\" data-e-type=\"widget\" data-widget_type=\"heading.default\">\n\t\t\t\t\t<h2 class=\"elementor-heading-title elementor-size-default\"><a href=\"https:\/\/www.sfup.org\/sfupwp\/teatrup-kids\/\">Teatr\u2019UP Kids<\/a><\/h2>\t\t\t\t<\/div>\n\t\t\t\t<div class=\"elementor-element elementor-element-7485ba78 elementor-widget elementor-widget-heading\" data-id=\"7485ba78\" data-element_type=\"widget\" data-e-type=\"widget\" data-widget_type=\"heading.default\">\n\t\t\t\t\t<h2 class=\"elementor-heading-title elementor-size-default\"><a href=\"https:\/\/www.sfup.org\/sfupwp\/teatrup\/\">Teatr\u2019UP<\/a><\/h2>\t\t\t\t<\/div>\n\t\t\t\t<div class=\"elementor-element elementor-element-560f126e elementor-widget-divider--view-line elementor-widget elementor-widget-divider\" data-id=\"560f126e\" data-element_type=\"widget\" data-e-type=\"widget\" data-widget_type=\"divider.default\">\n\t\t\t\t\t\t\t<div class=\"elementor-divider\">\n\t\t\t<span class=\"elementor-divider-separator\">\n\t\t\t\t\t\t<\/span>\n\t\t<\/div>\n\t\t\t\t\t\t<\/div>\n\t\t\t\t<div class=\"elementor-element elementor-element-1940c1cc elementor-widget elementor-widget-image\" data-id=\"1940c1cc\" data-element_type=\"widget\" data-e-type=\"widget\" data-widget_type=\"image.default\">\n\t\t\t\t\t\t\t\t\t\t\t\t\t\t\t<img decoding=\"async\" width=\"718\" height=\"1024\" src=\"https:\/\/www.sfup.org\/sfupwp\/wp-content\/uploads\/2018\/11\/teatrup-Teen-718x1024.jpg\" class=\"attachment-large size-large wp-image-5614\" alt=\"\" srcset=\"https:\/\/www.sfup.org\/sfupwp\/wp-content\/uploads\/2018\/11\/teatrup-Teen-718x1024.jpg 718w, https:\/\/www.sfup.org\/sfupwp\/wp-content\/uploads\/2018\/11\/teatrup-Teen-210x300.jpg 210w, https:\/\/www.sfup.org\/sfupwp\/wp-content\/uploads\/2018\/11\/teatrup-Teen-768x1096.jpg 768w, https:\/\/www.sfup.org\/sfupwp\/wp-content\/uploads\/2018\/11\/teatrup-Teen-1077x1536.jpg 1077w, https:\/\/www.sfup.org\/sfupwp\/wp-content\/uploads\/2018\/11\/teatrup-Teen.jpg 1207w\" sizes=\"(max-width: 718px) 100vw, 718px\" \/>\t\t\t\t\t\t\t\t\t\t\t\t\t\t\t<\/div>\n\t\t\t\t<\/div>\n\t\t<div class=\"elementor-element elementor-element-360abda6 e-con-full e-flex e-con e-child\" data-id=\"360abda6\" data-element_type=\"container\" data-e-type=\"container\">\n\t\t<div class=\"elementor-element elementor-element-3e8708a6 e-flex e-con-boxed e-con e-child\" data-id=\"3e8708a6\" data-element_type=\"container\" data-e-type=\"container\">\n\t\t\t\t\t<div class=\"e-con-inner\">\n\t\t\t\t<div class=\"elementor-element elementor-element-314d7e57 elementor-widget elementor-widget-ot-heading\" data-id=\"314d7e57\" data-element_type=\"widget\" data-e-type=\"widget\" data-widget_type=\"ot-heading.default\">\n\t\t\t\t<div class=\"elementor-widget-container\">\n\t\t\t\t\t\t\t<div class=\"ot-heading\">\r\n\t\t\t<span class=\"ot-heading__sub\">Artes Esc\u00e9nicas<\/span>\t        <h2 class=\"ot-heading__title\">TEATR\u2019UP TEENS<\/h2>\t    <\/div>\r\n\t    \t\t\t\t<\/div>\n\t\t\t\t<\/div>\n\t\t\t\t<div class=\"elementor-element elementor-element-652a28ba elementor-widget elementor-widget-heading\" data-id=\"652a28ba\" data-element_type=\"widget\" data-e-type=\"widget\" data-widget_type=\"heading.default\">\n\t\t\t\t\t<h2 class=\"elementor-heading-title elementor-size-default\">Introdu\u00e7\u00e3o \u00e0 modalidade<\/h2>\t\t\t\t<\/div>\n\t\t\t\t<div class=\"elementor-element elementor-element-1d1f91d3 elementor-widget elementor-widget-text-editor\" data-id=\"1d1f91d3\" data-element_type=\"widget\" data-e-type=\"widget\" data-widget_type=\"text-editor.default\">\n\t\t\t\t\t\t\t\t\t<p>A adolesc\u00eancia \u00e9 um tempo de descoberta e o teatro \u00e9 uma das ferramentas mais poderosas para isso. Em palco, os jovens ganham confian\u00e7a, aprendem a gerir emo\u00e7\u00f5es, desenvolvem empatia e criam la\u00e7os duradouros. O teatro juvenil combina o prazer da representa\u00e7\u00e3o com o crescimento pessoal.<\/p>\t\t\t\t\t\t\t\t<\/div>\n\t\t\t\t<div class=\"elementor-element elementor-element-779148a9 elementor-widget elementor-widget-heading\" data-id=\"779148a9\" data-element_type=\"widget\" data-e-type=\"widget\" data-widget_type=\"heading.default\">\n\t\t\t\t\t<h2 class=\"elementor-heading-title elementor-size-default\">Teatr'UP Teens \u2014 o palco \u00e9 vosso!<\/h2>\t\t\t\t<\/div>\n\t\t\t\t<div class=\"elementor-element elementor-element-69f36c3f elementor-widget elementor-widget-text-editor\" data-id=\"69f36c3f\" data-element_type=\"widget\" data-e-type=\"widget\" data-widget_type=\"text-editor.default\">\n\t\t\t\t\t\t\t\t\t<p>O Teatr&#8217;UP Teens \u00e9 o espa\u00e7o da SFUP dedicado aos atores juvenis. Num ambiente descontra\u00eddo e criativo, os jovens exploram a arte da representa\u00e7\u00e3o com orienta\u00e7\u00e3o dos membros mais experientes do Teatr&#8217;UP, num ambiente onde o erro \u00e9 parte da aprendizagem e o palco \u00e9 um lugar seguro para arriscar.<\/p><h3>A quem se destina<\/h3><p>A jovens entre os 13 e os 17 anos com interesse em teatro, express\u00e3o corporal e comunica\u00e7\u00e3o, com ou sem experi\u00eancia pr\u00e9via.<\/p><p><strong>\u25b6\u00a0 Inscreva o seu filho no Teatr&#8217;UP Teens<\/strong><\/p>\t\t\t\t\t\t\t\t<\/div>\n\t\t\t\t\t<\/div>\n\t\t\t\t<\/div>\n\t\t<div class=\"elementor-element elementor-element-52a300d2 e-con-full e-flex e-con e-child\" data-id=\"52a300d2\" data-element_type=\"container\" data-e-type=\"container\">\n\t\t\t\t<div class=\"elementor-element elementor-element-4b140266 elementor-widget elementor-widget-image\" data-id=\"4b140266\" data-element_type=\"widget\" data-e-type=\"widget\" data-widget_type=\"image.default\">\n\t\t\t\t\t\t\t\t\t\t\t\t\t\t\t<img decoding=\"async\" width=\"640\" height=\"480\" src=\"https:\/\/www.sfup.org\/sfupwp\/wp-content\/uploads\/2016\/10\/teartup.jpg\" class=\"attachment-full size-full wp-image-5068\" alt=\"\" srcset=\"https:\/\/www.sfup.org\/sfupwp\/wp-content\/uploads\/2016\/10\/teartup.jpg 640w, https:\/\/www.sfup.org\/sfupwp\/wp-content\/uploads\/2016\/10\/teartup-300x225.jpg 300w\" sizes=\"(max-width: 640px) 100vw, 640px\" \/>\t\t\t\t\t\t\t\t\t\t\t\t\t\t\t<\/div>\n\t\t\t\t<div class=\"elementor-element elementor-element-625414f3 elementor-widget elementor-widget-image\" data-id=\"625414f3\" data-element_type=\"widget\" data-e-type=\"widget\" data-widget_type=\"image.default\">\n\t\t\t\t\t\t\t\t\t\t\t\t\t\t\t<img loading=\"lazy\" decoding=\"async\" width=\"700\" height=\"467\" src=\"https:\/\/www.sfup.org\/sfupwp\/wp-content\/uploads\/2026\/03\/teatrup_bg.jpg\" class=\"attachment-full size-full wp-image-24844\" alt=\"\" srcset=\"https:\/\/www.sfup.org\/sfupwp\/wp-content\/uploads\/2026\/03\/teatrup_bg.jpg 700w, https:\/\/www.sfup.org\/sfupwp\/wp-content\/uploads\/2026\/03\/teatrup_bg-300x200.jpg 300w\" sizes=\"(max-width: 700px) 100vw, 700px\" \/>\t\t\t\t\t\t\t\t\t\t\t\t\t\t\t<\/div>\n\t\t\t\t<\/div>\n\t\t\t\t<\/div>\n\t\t\t\t\t<\/div>\n\t\t\t\t<\/div>\n\t\t<div class=\"elementor-element elementor-element-68a06979 e-flex e-con-boxed e-con e-parent\" data-id=\"68a06979\" data-element_type=\"container\" data-e-type=\"container\">\n\t\t\t\t\t<div class=\"e-con-inner\">\n\t\t\t\t<div class=\"elementor-element elementor-element-4bb8793 elementor-cta--skin-classic elementor-animated-content elementor-bg-transform elementor-bg-transform-zoom-in elementor-widget elementor-widget-call-to-action\" data-id=\"4bb8793\" data-element_type=\"widget\" data-e-type=\"widget\" data-widget_type=\"call-to-action.default\">\n\t\t\t\t\t\t\t<div class=\"elementor-cta\">\n\t\t\t\t\t<div class=\"elementor-cta__bg-wrapper\">\n\t\t\t\t<div class=\"elementor-cta__bg elementor-bg\" style=\"background-image: url(https:\/\/www.sfup.org\/sfupwp\/wp-content\/uploads\/2016\/10\/teatro-1024x681.jpg);\" role=\"img\" aria-label=\"teatro\"><\/div>\n\t\t\t\t<div class=\"elementor-cta__bg-overlay\"><\/div>\n\t\t\t<\/div>\n\t\t\t\t\t\t\t<div class=\"elementor-cta__content\">\n\t\t\t\t\n\t\t\t\t\t\t\t\t\t<h2 class=\"elementor-cta__title elementor-cta__content-item elementor-content-item\">\n\t\t\t\t\t\tVenha experimentar!\t\t\t\t\t<\/h2>\n\t\t\t\t\n\t\t\t\t\t\t\t\t\t<div class=\"elementor-cta__description elementor-cta__content-item elementor-content-item\">\n\t\t\t\t\t\tIncentive o talento juvenil nos palcos da SFUP com um grupo dedicado a atores em idade escolar. Reserve o lugar do seu filho nos ensaios do grupo de teatro juvenil.\t\t\t\t\t<\/div>\n\t\t\t\t\n\t\t\t\t\t\t\t\t\t<div class=\"elementor-cta__button-wrapper elementor-cta__content-item elementor-content-item \">\n\t\t\t\t\t<a class=\"elementor-cta__button elementor-button elementor-size-\" href=\"https:\/\/www.sfup.org\/sfupwp\/contactos\/\">\n\t\t\t\t\t\tContactar\t\t\t\t\t<\/a>\n\t\t\t\t\t<\/div>\n\t\t\t\t\t\t\t<\/div>\n\t\t\t\t\t\t<\/div>\n\t\t\t\t\t\t<\/div>\n\t\t\t\t\t<\/div>\n\t\t\t\t<\/div>\n\t\t\t\t<\/div>\n\t\t","protected":false},"excerpt":{"rendered":"<p>Teatr\u2019UP Teens Teatr\u2019UP Kids Teatr\u2019UP Artes Esc\u00e9nicas TEATR\u2019UP TEENS Introdu\u00e7\u00e3o \u00e0 modalidade A adolesc\u00eancia \u00e9 um tempo de descoberta e o teatro \u00e9 uma das ferramentas mais poderosas para isso. [&hellip;]<\/p>\n","protected":false},"author":11,"featured_media":0,"parent":0,"menu_order":0,"comment_status":"closed","ping_status":"closed","template":"","meta":{"footnotes":""},"class_list":["post-5443","page","type-page","status-publish","hentry"],"_links":{"self":[{"href":"https:\/\/www.sfup.org\/sfupwp\/wp-json\/wp\/v2\/pages\/5443","targetHints":{"allow":["GET"]}}],"collection":[{"href":"https:\/\/www.sfup.org\/sfupwp\/wp-json\/wp\/v2\/pages"}],"about":[{"href":"https:\/\/www.sfup.org\/sfupwp\/wp-json\/wp\/v2\/types\/page"}],"author":[{"embeddable":true,"href":"https:\/\/www.sfup.org\/sfupwp\/wp-json\/wp\/v2\/users\/11"}],"replies":[{"embeddable":true,"href":"https:\/\/www.sfup.org\/sfupwp\/wp-json\/wp\/v2\/comments?post=5443"}],"version-history":[{"count":23,"href":"https:\/\/www.sfup.org\/sfupwp\/wp-json\/wp\/v2\/pages\/5443\/revisions"}],"predecessor-version":[{"id":25546,"href":"https:\/\/www.sfup.org\/sfupwp\/wp-json\/wp\/v2\/pages\/5443\/revisions\/25546"}],"wp:attachment":[{"href":"https:\/\/www.sfup.org\/sfupwp\/wp-json\/wp\/v2\/media?parent=5443"}],"curies":[{"name":"wp","href":"https:\/\/api.w.org\/{rel}","templated":true}]}}