{"id":5097,"date":"2016-10-03T00:59:15","date_gmt":"2016-10-02T23:59:15","guid":{"rendered":"http:\/\/reading.sfup.org\/?page_id=5097"},"modified":"2026-05-05T15:44:37","modified_gmt":"2026-05-05T14:44:37","slug":"escola-de-musica","status":"publish","type":"page","link":"https:\/\/www.sfup.org\/sfupwp\/escola-de-musica\/","title":{"rendered":"Escola de M\u00fasica"},"content":{"rendered":"\t\t<div data-elementor-type=\"wp-page\" data-elementor-id=\"5097\" class=\"elementor elementor-5097\" data-elementor-post-type=\"page\">\n\t\t\t\t<div class=\"elementor-element elementor-element-7222e677 e-flex e-con-boxed e-con e-parent\" data-id=\"7222e677\" data-element_type=\"container\" data-e-type=\"container\" data-settings=\"{&quot;background_background&quot;:&quot;classic&quot;}\">\n\t\t\t\t\t<div class=\"e-con-inner\">\n\t\t<div class=\"elementor-element elementor-element-1121cc6e e-con-full e-flex e-con e-child\" data-id=\"1121cc6e\" data-element_type=\"container\" data-e-type=\"container\">\n\t\t\t\t<div class=\"elementor-element elementor-element-5dcdc567 elementor-widget elementor-widget-heading\" data-id=\"5dcdc567\" data-element_type=\"widget\" data-e-type=\"widget\" data-widget_type=\"heading.default\">\n\t\t\t\t\t<h2 class=\"elementor-heading-title elementor-size-default\"><a href=\"#\">Escola de m\u00fasica<\/a><\/h2>\t\t\t\t<\/div>\n\t\t\t\t<div class=\"elementor-element elementor-element-29905464 elementor-widget elementor-widget-heading\" data-id=\"29905464\" data-element_type=\"widget\" data-e-type=\"widget\" data-widget_type=\"heading.default\">\n\t\t\t\t\t<h2 class=\"elementor-heading-title elementor-size-default\"><a href=\"https:\/\/www.sfup.org\/sfupwp\/chorusup\/\">Chorus\u2019UP<\/a><\/h2>\t\t\t\t<\/div>\n\t\t\t\t<div class=\"elementor-element elementor-element-50246576 elementor-widget-divider--view-line elementor-widget elementor-widget-divider\" data-id=\"50246576\" data-element_type=\"widget\" data-e-type=\"widget\" data-widget_type=\"divider.default\">\n\t\t\t\t\t\t\t<div class=\"elementor-divider\">\n\t\t\t<span class=\"elementor-divider-separator\">\n\t\t\t\t\t\t<\/span>\n\t\t<\/div>\n\t\t\t\t\t\t<\/div>\n\t\t\t\t<div class=\"elementor-element elementor-element-3f815bae elementor-widget elementor-widget-image\" data-id=\"3f815bae\" data-element_type=\"widget\" data-e-type=\"widget\" data-widget_type=\"image.default\">\n\t\t\t\t\t\t\t\t\t\t\t\t\t\t\t<img fetchpriority=\"high\" decoding=\"async\" width=\"1024\" height=\"1024\" src=\"https:\/\/www.sfup.org\/sfupwp\/wp-content\/uploads\/2016\/10\/aulas-de-m\u00fasica-1024x1024.jpg\" class=\"attachment-large size-large wp-image-5939\" alt=\"\" srcset=\"https:\/\/www.sfup.org\/sfupwp\/wp-content\/uploads\/2016\/10\/aulas-de-m\u00fasica-1024x1024.jpg 1024w, https:\/\/www.sfup.org\/sfupwp\/wp-content\/uploads\/2016\/10\/aulas-de-m\u00fasica-300x300.jpg 300w, https:\/\/www.sfup.org\/sfupwp\/wp-content\/uploads\/2016\/10\/aulas-de-m\u00fasica-150x150.jpg 150w, https:\/\/www.sfup.org\/sfupwp\/wp-content\/uploads\/2016\/10\/aulas-de-m\u00fasica-768x768.jpg 768w, https:\/\/www.sfup.org\/sfupwp\/wp-content\/uploads\/2016\/10\/aulas-de-m\u00fasica.jpg 1080w\" sizes=\"(max-width: 1024px) 100vw, 1024px\" \/>\t\t\t\t\t\t\t\t\t\t\t\t\t\t\t<\/div>\n\t\t\t\t<\/div>\n\t\t<div class=\"elementor-element elementor-element-79a56661 e-con-full e-flex e-con e-child\" data-id=\"79a56661\" data-element_type=\"container\" data-e-type=\"container\">\n\t\t<div class=\"elementor-element elementor-element-6ac557d0 e-flex e-con-boxed e-con e-child\" data-id=\"6ac557d0\" data-element_type=\"container\" data-e-type=\"container\">\n\t\t\t\t\t<div class=\"e-con-inner\">\n\t\t\t\t<div class=\"elementor-element elementor-element-2822927e elementor-widget elementor-widget-ot-heading\" data-id=\"2822927e\" data-element_type=\"widget\" data-e-type=\"widget\" data-widget_type=\"ot-heading.default\">\n\t\t\t\t<div class=\"elementor-widget-container\">\n\t\t\t\t\t\t\t<div class=\"ot-heading\">\r\n\t\t\t<span class=\"ot-heading__sub\">M\u00fasica e Voz<\/span>\t        <h2 class=\"ot-heading__title\">ESCOLA DE M\u00daSICA<\/h2>\t    <\/div>\r\n\t    \t\t\t\t<\/div>\n\t\t\t\t<\/div>\n\t\t\t\t<div class=\"elementor-element elementor-element-3fb2688 elementor-widget elementor-widget-heading\" data-id=\"3fb2688\" data-element_type=\"widget\" data-e-type=\"widget\" data-widget_type=\"heading.default\">\n\t\t\t\t\t<h2 class=\"elementor-heading-title elementor-size-default\">Introdu\u00e7\u00e3o \u00e0 modalidade<\/h2>\t\t\t\t<\/div>\n\t\t\t\t<div class=\"elementor-element elementor-element-34012d60 elementor-widget elementor-widget-text-editor\" data-id=\"34012d60\" data-element_type=\"widget\" data-e-type=\"widget\" data-widget_type=\"text-editor.default\">\n\t\t\t\t\t\t\t\t\t<p>Aprender m\u00fasica \u00e9 uma das experi\u00eancias mais enriquecedoras que se pode oferecer a uma crian\u00e7a ou a si pr\u00f3prio. A pr\u00e1tica musical estimula o desenvolvimento cognitivo, melhora a concentra\u00e7\u00e3o, desenvolve a disciplina e abre portas para uma vida cultural mais rica. E ao contr\u00e1rio do que se pensa, nunca \u00e9 tarde para come\u00e7ar.<\/p>\t\t\t\t\t\t\t\t<\/div>\n\t\t\t\t<div class=\"elementor-element elementor-element-56aacf7c elementor-widget elementor-widget-heading\" data-id=\"56aacf7c\" data-element_type=\"widget\" data-e-type=\"widget\" data-widget_type=\"heading.default\">\n\t\t\t\t\t<h2 class=\"elementor-heading-title elementor-size-default\">Escola de M\u00fasica da SFUP \u2014 aprender brincando<\/h2>\t\t\t\t<\/div>\n\t\t\t\t<div class=\"elementor-element elementor-element-5d992aad elementor-widget elementor-widget-text-editor\" data-id=\"5d992aad\" data-element_type=\"widget\" data-e-type=\"widget\" data-widget_type=\"text-editor.default\">\n\t\t\t\t\t\t\t\t\t<blockquote><p><em>A m\u00fasica \u00e9 uma atividade coletiva, de inter-rela\u00e7\u00e3o e de solidariedade.<\/em><\/p><\/blockquote><p>Na Escola de M\u00fasica da SFUP acreditamos que aprender m\u00fasica deve ser uma experi\u00eancia de descoberta. O nosso m\u00e9todo leva os jovens a explorar o som, a sua representa\u00e7\u00e3o e os instrumentos \u2014 alguns fabricados pelas pr\u00f3prias crian\u00e7as \u2014 de forma natural e progressiva.<\/p><p>Com cerca de tr\u00eas dezenas de alunos, a escola funciona em tr\u00eas n\u00edveis: forma\u00e7\u00e3o musical, forma\u00e7\u00e3o musical com instrumento, e classe de conjunto. As aulas s\u00e3o em grupo e individuais, e est\u00e3o abertas a crian\u00e7as a partir dos 6 anos.<\/p>\t\t\t\t\t\t\t\t<\/div>\n\t\t\t\t<div class=\"elementor-element elementor-element-a4b46ad elementor-widget elementor-widget-heading\" data-id=\"a4b46ad\" data-element_type=\"widget\" data-e-type=\"widget\" data-widget_type=\"heading.default\">\n\t\t\t\t\t<h2 class=\"elementor-heading-title elementor-size-default\">Instrumentos e \u00e1reas<\/h2>\t\t\t\t<\/div>\n\t\t\t\t<div class=\"elementor-element elementor-element-294b2ffc elementor-widget elementor-widget-text-editor\" data-id=\"294b2ffc\" data-element_type=\"widget\" data-e-type=\"widget\" data-widget_type=\"text-editor.default\">\n\t\t\t\t\t\t\t\t\t<p>Sopros: clarinete, saxofone, flauta transversal\u00a0 |\u00a0 Piano\u00a0 |\u00a0 Guitarra\u00a0 |\u00a0 Bateria e percuss\u00e3o\u00a0 |\u00a0 Canto\u00a0 |\u00a0 Forma\u00e7\u00e3o musical<\/p><h3>Hor\u00e1rios<\/h3><p>Ateli\u00ea &#8220;Aprender Brincando&#8221; (forma\u00e7\u00e3o musical): s\u00e1bados, entre as 10h30 e as 12h30<\/p><p>Aulas de instrumento e canto: durante a semana e aos s\u00e1bados (conforme disponibilidade de professores e alunos)<\/p><p>Saxofone, trompete e trombone: hor\u00e1rios durante a semana<\/p><p>Guitarra, bateria, piano e canto: hor\u00e1rios durante a semana e ao s\u00e1bado<\/p><p><strong>\u25b6\u00a0 Inscreva-se na Escola de M\u00fasica<\/strong><\/p>\t\t\t\t\t\t\t\t<\/div>\n\t\t\t\t\t<\/div>\n\t\t\t\t<\/div>\n\t\t<div class=\"elementor-element elementor-element-5f5d0074 e-con-full e-flex e-con e-child\" data-id=\"5f5d0074\" data-element_type=\"container\" data-e-type=\"container\">\n\t\t\t\t<div class=\"elementor-element elementor-element-124b8c2c elementor-widget elementor-widget-image\" data-id=\"124b8c2c\" data-element_type=\"widget\" data-e-type=\"widget\" data-widget_type=\"image.default\">\n\t\t\t\t\t\t\t\t\t\t\t\t\t\t\t<img decoding=\"async\" width=\"461\" height=\"275\" src=\"https:\/\/www.sfup.org\/sfupwp\/wp-content\/uploads\/2026\/04\/escola_musica01.jpg\" class=\"attachment-full size-full wp-image-25186\" alt=\"\" srcset=\"https:\/\/www.sfup.org\/sfupwp\/wp-content\/uploads\/2026\/04\/escola_musica01.jpg 461w, https:\/\/www.sfup.org\/sfupwp\/wp-content\/uploads\/2026\/04\/escola_musica01-300x179.jpg 300w\" sizes=\"(max-width: 461px) 100vw, 461px\" \/>\t\t\t\t\t\t\t\t\t\t\t\t\t\t\t<\/div>\n\t\t\t\t<div class=\"elementor-element elementor-element-212737bf elementor-widget elementor-widget-image\" data-id=\"212737bf\" data-element_type=\"widget\" data-e-type=\"widget\" data-widget_type=\"image.default\">\n\t\t\t\t\t\t\t\t\t\t\t\t\t\t\t<img decoding=\"async\" width=\"462\" height=\"272\" src=\"https:\/\/www.sfup.org\/sfupwp\/wp-content\/uploads\/2026\/04\/escola_musica02.jpg\" class=\"attachment-full size-full wp-image-25185\" alt=\"\" srcset=\"https:\/\/www.sfup.org\/sfupwp\/wp-content\/uploads\/2026\/04\/escola_musica02.jpg 462w, https:\/\/www.sfup.org\/sfupwp\/wp-content\/uploads\/2026\/04\/escola_musica02-300x177.jpg 300w\" sizes=\"(max-width: 462px) 100vw, 462px\" \/>\t\t\t\t\t\t\t\t\t\t\t\t\t\t\t<\/div>\n\t\t\t\t<div class=\"elementor-element elementor-element-77b7e75 elementor-widget elementor-widget-image\" data-id=\"77b7e75\" data-element_type=\"widget\" data-e-type=\"widget\" data-widget_type=\"image.default\">\n\t\t\t\t\t\t\t\t\t\t\t\t\t\t\t<img loading=\"lazy\" decoding=\"async\" width=\"2560\" height=\"1920\" src=\"https:\/\/www.sfup.org\/sfupwp\/wp-content\/uploads\/2026\/05\/6369-1-scaled.jpg\" class=\"attachment-full size-full wp-image-25705\" alt=\"\" srcset=\"https:\/\/www.sfup.org\/sfupwp\/wp-content\/uploads\/2026\/05\/6369-1-scaled.jpg 2560w, https:\/\/www.sfup.org\/sfupwp\/wp-content\/uploads\/2026\/05\/6369-1-300x225.jpg 300w, https:\/\/www.sfup.org\/sfupwp\/wp-content\/uploads\/2026\/05\/6369-1-1024x768.jpg 1024w, https:\/\/www.sfup.org\/sfupwp\/wp-content\/uploads\/2026\/05\/6369-1-768x576.jpg 768w, https:\/\/www.sfup.org\/sfupwp\/wp-content\/uploads\/2026\/05\/6369-1-1536x1152.jpg 1536w, https:\/\/www.sfup.org\/sfupwp\/wp-content\/uploads\/2026\/05\/6369-1-2048x1536.jpg 2048w\" sizes=\"(max-width: 2560px) 100vw, 2560px\" \/>\t\t\t\t\t\t\t\t\t\t\t\t\t\t\t<\/div>\n\t\t\t\t<div class=\"elementor-element elementor-element-1bf1004 elementor-widget elementor-widget-image\" data-id=\"1bf1004\" data-element_type=\"widget\" data-e-type=\"widget\" data-widget_type=\"image.default\">\n\t\t\t\t\t\t\t\t\t\t\t\t\t\t\t<img loading=\"lazy\" decoding=\"async\" width=\"2560\" height=\"1920\" src=\"https:\/\/www.sfup.org\/sfupwp\/wp-content\/uploads\/2026\/05\/6376-scaled.jpg\" class=\"attachment-full size-full wp-image-25706\" alt=\"\" srcset=\"https:\/\/www.sfup.org\/sfupwp\/wp-content\/uploads\/2026\/05\/6376-scaled.jpg 2560w, https:\/\/www.sfup.org\/sfupwp\/wp-content\/uploads\/2026\/05\/6376-300x225.jpg 300w, https:\/\/www.sfup.org\/sfupwp\/wp-content\/uploads\/2026\/05\/6376-1024x768.jpg 1024w, https:\/\/www.sfup.org\/sfupwp\/wp-content\/uploads\/2026\/05\/6376-768x576.jpg 768w, https:\/\/www.sfup.org\/sfupwp\/wp-content\/uploads\/2026\/05\/6376-1536x1152.jpg 1536w, https:\/\/www.sfup.org\/sfupwp\/wp-content\/uploads\/2026\/05\/6376-2048x1536.jpg 2048w\" sizes=\"(max-width: 2560px) 100vw, 2560px\" \/>\t\t\t\t\t\t\t\t\t\t\t\t\t\t\t<\/div>\n\t\t\t\t<\/div>\n\t\t\t\t<\/div>\n\t\t\t\t\t<\/div>\n\t\t\t\t<\/div>\n\t\t<div class=\"elementor-element elementor-element-2a984710 e-flex e-con-boxed e-con e-parent\" data-id=\"2a984710\" data-element_type=\"container\" data-e-type=\"container\">\n\t\t\t\t\t<div class=\"e-con-inner\">\n\t\t\t\t<div class=\"elementor-element elementor-element-6e7664d6 elementor-cta--skin-classic elementor-animated-content elementor-bg-transform elementor-bg-transform-zoom-in elementor-widget elementor-widget-call-to-action\" data-id=\"6e7664d6\" data-element_type=\"widget\" data-e-type=\"widget\" data-widget_type=\"call-to-action.default\">\n\t\t\t\t\t\t\t<div class=\"elementor-cta\">\n\t\t\t\t\t<div class=\"elementor-cta__bg-wrapper\">\n\t\t\t\t<div class=\"elementor-cta__bg elementor-bg\" style=\"background-image: url(https:\/\/www.sfup.org\/sfupwp\/wp-content\/uploads\/2026\/04\/tp_musica-1024x320.png);\" role=\"img\" aria-label=\"tp_musica\"><\/div>\n\t\t\t\t<div class=\"elementor-cta__bg-overlay\"><\/div>\n\t\t\t<\/div>\n\t\t\t\t\t\t\t<div class=\"elementor-cta__content\">\n\t\t\t\t\n\t\t\t\t\t\t\t\t\t<h2 class=\"elementor-cta__title elementor-cta__content-item elementor-content-item\">\n\t\t\t\t\t\tVenha experimentar!\t\t\t\t\t<\/h2>\n\t\t\t\t\n\t\t\t\t\t\t\t\t\t<div class=\"elementor-cta__description elementor-cta__content-item elementor-content-item\">\n\t\t\t\t\t\tFormul\u00e1rio de inscri\u00e7\u00e3o nas aulas dispon\u00edvel\t\t\t\t\t<\/div>\n\t\t\t\t\n\t\t\t\t\t\t\t\t\t<div class=\"elementor-cta__button-wrapper elementor-cta__content-item elementor-content-item \">\n\t\t\t\t\t<a class=\"elementor-cta__button elementor-button elementor-size-\" href=\"https:\/\/docs.google.com\/forms\/d\/e\/1FAIpQLSeiZi6oq2kV0LXsMBdcaSAJR0URgPEeYYNvMK6eHLK0T1rdsQ\/viewform\" target=\"_blank\" rel=\"noopener\">\n\t\t\t\t\t\tINSCRI\u00c7\u00c3O\t\t\t\t\t<\/a>\n\t\t\t\t\t<\/div>\n\t\t\t\t\t\t\t<\/div>\n\t\t\t\t\t\t<\/div>\n\t\t\t\t\t\t<\/div>\n\t\t\t\t\t<\/div>\n\t\t\t\t<\/div>\n\t\t<div class=\"elementor-element elementor-element-9940399 e-flex e-con-boxed e-con e-parent\" data-id=\"9940399\" data-element_type=\"container\" data-e-type=\"container\">\n\t\t\t\t\t<div class=\"e-con-inner\">\n\t\t\t\t\t<\/div>\n\t\t\t\t<\/div>\n\t\t\t\t<\/div>\n\t\t","protected":false},"excerpt":{"rendered":"<p>Escola de m\u00fasica Chorus\u2019UP M\u00fasica e Voz ESCOLA DE M\u00daSICA Introdu\u00e7\u00e3o \u00e0 modalidade Aprender m\u00fasica \u00e9 uma das experi\u00eancias mais enriquecedoras que se pode oferecer a uma crian\u00e7a ou a [&hellip;]<\/p>\n","protected":false},"author":11,"featured_media":5201,"parent":0,"menu_order":0,"comment_status":"closed","ping_status":"closed","template":"","meta":{"footnotes":""},"class_list":["post-5097","page","type-page","status-publish","has-post-thumbnail","hentry"],"_links":{"self":[{"href":"https:\/\/www.sfup.org\/sfupwp\/wp-json\/wp\/v2\/pages\/5097","targetHints":{"allow":["GET"]}}],"collection":[{"href":"https:\/\/www.sfup.org\/sfupwp\/wp-json\/wp\/v2\/pages"}],"about":[{"href":"https:\/\/www.sfup.org\/sfupwp\/wp-json\/wp\/v2\/types\/page"}],"author":[{"embeddable":true,"href":"https:\/\/www.sfup.org\/sfupwp\/wp-json\/wp\/v2\/users\/11"}],"replies":[{"embeddable":true,"href":"https:\/\/www.sfup.org\/sfupwp\/wp-json\/wp\/v2\/comments?post=5097"}],"version-history":[{"count":22,"href":"https:\/\/www.sfup.org\/sfupwp\/wp-json\/wp\/v2\/pages\/5097\/revisions"}],"predecessor-version":[{"id":25709,"href":"https:\/\/www.sfup.org\/sfupwp\/wp-json\/wp\/v2\/pages\/5097\/revisions\/25709"}],"wp:featuredmedia":[{"embeddable":true,"href":"https:\/\/www.sfup.org\/sfupwp\/wp-json\/wp\/v2\/media\/5201"}],"wp:attachment":[{"href":"https:\/\/www.sfup.org\/sfupwp\/wp-json\/wp\/v2\/media?parent=5097"}],"curies":[{"name":"wp","href":"https:\/\/api.w.org\/{rel}","templated":true}]}}