{"id":25553,"date":"2026-04-26T13:12:27","date_gmt":"2026-04-26T12:12:27","guid":{"rendered":"https:\/\/www.sfup.org\/sfupwp\/?page_id=25553"},"modified":"2026-04-27T21:53:14","modified_gmt":"2026-04-27T20:53:14","slug":"setencanto","status":"publish","type":"page","link":"https:\/\/www.sfup.org\/sfupwp\/setencanto\/","title":{"rendered":"Set&#8217;Encanto"},"content":{"rendered":"\t\t<div data-elementor-type=\"wp-page\" data-elementor-id=\"25553\" class=\"elementor elementor-25553\" data-elementor-post-type=\"page\">\n\t\t\t\t<div class=\"elementor-element elementor-element-167b110b e-flex e-con-boxed e-con e-parent\" data-id=\"167b110b\" data-element_type=\"container\" data-e-type=\"container\">\n\t\t\t\t\t<div class=\"e-con-inner\">\n\t\t\t\t<div class=\"elementor-element elementor-element-4bc8672c elementor-widget elementor-widget-image\" data-id=\"4bc8672c\" data-element_type=\"widget\" data-e-type=\"widget\" data-widget_type=\"image.default\">\n\t\t\t\t\t\t\t\t\t\t\t\t\t\t\t<img fetchpriority=\"high\" decoding=\"async\" width=\"580\" height=\"128\" src=\"https:\/\/www.sfup.org\/sfupwp\/wp-content\/uploads\/2026\/04\/Logo_SetEncanto_2.png\" class=\"attachment-large size-large wp-image-25564\" alt=\"\" srcset=\"https:\/\/www.sfup.org\/sfupwp\/wp-content\/uploads\/2026\/04\/Logo_SetEncanto_2.png 580w, https:\/\/www.sfup.org\/sfupwp\/wp-content\/uploads\/2026\/04\/Logo_SetEncanto_2-300x66.png 300w\" sizes=\"(max-width: 580px) 100vw, 580px\" \/>\t\t\t\t\t\t\t\t\t\t\t\t\t\t\t<\/div>\n\t\t\t\t\t<\/div>\n\t\t\t\t<\/div>\n\t\t<div class=\"elementor-element elementor-element-856e5d4 e-flex e-con-boxed e-con e-parent\" data-id=\"856e5d4\" data-element_type=\"container\" data-e-type=\"container\" data-settings=\"{&quot;background_background&quot;:&quot;classic&quot;}\">\n\t\t\t\t\t<div class=\"e-con-inner\">\n\t\t<div class=\"elementor-element elementor-element-7b68ab66 e-con-full e-flex e-con e-child\" data-id=\"7b68ab66\" data-element_type=\"container\" data-e-type=\"container\">\n\t\t\t\t<div class=\"elementor-element elementor-element-5b24e430 elementor-widget elementor-widget-heading\" data-id=\"5b24e430\" data-element_type=\"widget\" data-e-type=\"widget\" data-widget_type=\"heading.default\">\n\t\t\t\t\t<h2 class=\"elementor-heading-title elementor-size-default\"><a href=\"#\">Chorus'UP<\/a><\/h2>\t\t\t\t<\/div>\n\t\t\t\t<div class=\"elementor-element elementor-element-601b7cca elementor-widget elementor-widget-heading\" data-id=\"601b7cca\" data-element_type=\"widget\" data-e-type=\"widget\" data-widget_type=\"heading.default\">\n\t\t\t\t\t<h2 class=\"elementor-heading-title elementor-size-default\"><a href=\"https:\/\/www.sfup.org\/sfupwp\/escola-de-musica\/\">Escola de m\u00fasica<\/a><\/h2>\t\t\t\t<\/div>\n\t\t\t\t<div class=\"elementor-element elementor-element-333ce535 elementor-widget-divider--view-line elementor-widget elementor-widget-divider\" data-id=\"333ce535\" data-element_type=\"widget\" data-e-type=\"widget\" data-widget_type=\"divider.default\">\n\t\t\t\t\t\t\t<div class=\"elementor-divider\">\n\t\t\t<span class=\"elementor-divider-separator\">\n\t\t\t\t\t\t<\/span>\n\t\t<\/div>\n\t\t\t\t\t\t<\/div>\n\t\t\t\t<div class=\"elementor-element elementor-element-51c7f126 elementor-widget elementor-widget-image\" data-id=\"51c7f126\" data-element_type=\"widget\" data-e-type=\"widget\" data-widget_type=\"image.default\">\n\t\t\t\t\t\t\t\t\t\t\t\t\t\t\t<img decoding=\"async\" width=\"680\" height=\"452\" src=\"https:\/\/www.sfup.org\/sfupwp\/wp-content\/uploads\/2026\/04\/Banda_Folk_Clipart.png\" class=\"attachment-large size-large wp-image-25567\" alt=\"\" srcset=\"https:\/\/www.sfup.org\/sfupwp\/wp-content\/uploads\/2026\/04\/Banda_Folk_Clipart.png 680w, https:\/\/www.sfup.org\/sfupwp\/wp-content\/uploads\/2026\/04\/Banda_Folk_Clipart-300x199.png 300w\" sizes=\"(max-width: 680px) 100vw, 680px\" \/>\t\t\t\t\t\t\t\t\t\t\t\t\t\t\t<\/div>\n\t\t\t\t<\/div>\n\t\t<div class=\"elementor-element elementor-element-8a79583 e-con-full e-flex e-con e-child\" data-id=\"8a79583\" data-element_type=\"container\" data-e-type=\"container\">\n\t\t<div class=\"elementor-element elementor-element-73f6ce97 e-flex e-con-boxed e-con e-child\" data-id=\"73f6ce97\" data-element_type=\"container\" data-e-type=\"container\">\n\t\t\t\t\t<div class=\"e-con-inner\">\n\t\t\t\t<div class=\"elementor-element elementor-element-3086434 elementor-widget elementor-widget-ot-heading\" data-id=\"3086434\" data-element_type=\"widget\" data-e-type=\"widget\" data-widget_type=\"ot-heading.default\">\n\t\t\t\t<div class=\"elementor-widget-container\">\n\t\t\t\t\t\t\t<div class=\"ot-heading\">\r\n\t\t\t<span class=\"ot-heading__sub\">M\u00fasica e Voz<\/span>\t        <h2 class=\"ot-heading__title\">SET'ENCANTO<\/h2>\t    <\/div>\r\n\t    \t\t\t\t<\/div>\n\t\t\t\t<\/div>\n\t\t\t\t<div class=\"elementor-element elementor-element-59bc73ce elementor-widget elementor-widget-text-editor\" data-id=\"59bc73ce\" data-element_type=\"widget\" data-e-type=\"widget\" data-widget_type=\"text-editor.default\">\n\t\t\t\t\t\t\t\t\t<p data-start=\"146\" data-end=\"323\">O <strong data-start=\"148\" data-end=\"163\">Set\u2019Encanto<\/strong> \u00e9 um grupo musical da SFUP, nascido em 2021, cuja forma\u00e7\u00e3o teve origem em elementos ligados a diferentes \u00e1reas da agremia\u00e7\u00e3o, nomeadamente o teatro e a m\u00fasica.<\/p><p data-start=\"325\" data-end=\"656\">Dedicado \u00e0 interpreta\u00e7\u00e3o de <em data-start=\"353\" data-end=\"361\">covers<\/em>, o grupo percorre v\u00e1rias sonoridades da m\u00fasica portuguesa, desde as tradi\u00e7\u00f5es de diferentes regi\u00f5es, como o Alentejo, at\u00e9 \u00e0 m\u00fasica contempor\u00e2nea, com refer\u00eancias a nomes como <span class=\"hover:entity-accent entity-underline inline cursor-pointer align-baseline\"><span class=\"whitespace-normal\">Xutos &amp; Pontap\u00e9s<\/span><\/span>, <span class=\"hover:entity-accent entity-underline inline cursor-pointer align-baseline\"><span class=\"whitespace-normal\">Resist\u00eancia<\/span><\/span> e <span class=\"hover:entity-accent entity-underline inline cursor-pointer align-baseline\"><span class=\"whitespace-normal\">Jorge Palma<\/span><\/span>.<\/p><p data-start=\"658\" data-end=\"876\">Atualmente composto por quatro elementos, o Set\u2019Encanto destaca-se pela versatilidade do seu repert\u00f3rio e pela proximidade que cria com o p\u00fablico, sendo particularmente apreciado em festas populares e diversos eventos.<\/p>\t\t\t\t\t\t\t\t<\/div>\n\t\t\t\t<div class=\"elementor-element elementor-element-1b591d68 elementor-widget elementor-widget-text-editor\" data-id=\"1b591d68\" data-element_type=\"widget\" data-e-type=\"widget\" data-widget_type=\"text-editor.default\">\n\t\t\t\t\t\t\t\t\t<h3>Contatos<\/h3><p>Email direto: setencanto@gmail.com<\/p><p>Tel: 930 627 930<\/p>\t\t\t\t\t\t\t\t<\/div>\n\t\t\t\t\t<\/div>\n\t\t\t\t<\/div>\n\t\t<div class=\"elementor-element elementor-element-db11c3d e-con-full e-flex e-con e-child\" data-id=\"db11c3d\" data-element_type=\"container\" data-e-type=\"container\">\n\t\t\t\t<div class=\"elementor-element elementor-element-388364bb elementor-widget elementor-widget-image\" data-id=\"388364bb\" data-element_type=\"widget\" data-e-type=\"widget\" data-widget_type=\"image.default\">\n\t\t\t\t\t\t\t\t\t\t\t\t\t\t\t<img decoding=\"async\" width=\"1635\" height=\"1148\" src=\"https:\/\/www.sfup.org\/sfupwp\/wp-content\/uploads\/2026\/04\/1ab9913c-40d3-47c9-bf57-3f86594e1fea.jpg\" class=\"attachment-full size-full wp-image-25604\" alt=\"\" srcset=\"https:\/\/www.sfup.org\/sfupwp\/wp-content\/uploads\/2026\/04\/1ab9913c-40d3-47c9-bf57-3f86594e1fea.jpg 1635w, https:\/\/www.sfup.org\/sfupwp\/wp-content\/uploads\/2026\/04\/1ab9913c-40d3-47c9-bf57-3f86594e1fea-300x211.jpg 300w, https:\/\/www.sfup.org\/sfupwp\/wp-content\/uploads\/2026\/04\/1ab9913c-40d3-47c9-bf57-3f86594e1fea-1024x719.jpg 1024w, https:\/\/www.sfup.org\/sfupwp\/wp-content\/uploads\/2026\/04\/1ab9913c-40d3-47c9-bf57-3f86594e1fea-768x539.jpg 768w, https:\/\/www.sfup.org\/sfupwp\/wp-content\/uploads\/2026\/04\/1ab9913c-40d3-47c9-bf57-3f86594e1fea-1536x1078.jpg 1536w\" sizes=\"(max-width: 1635px) 100vw, 1635px\" \/>\t\t\t\t\t\t\t\t\t\t\t\t\t\t\t<\/div>\n\t\t\t\t<\/div>\n\t\t\t\t<\/div>\n\t\t\t\t\t<\/div>\n\t\t\t\t<\/div>\n\t\t<div class=\"elementor-element elementor-element-c3fb17b e-flex e-con-boxed e-con e-parent\" data-id=\"c3fb17b\" data-element_type=\"container\" data-e-type=\"container\">\n\t\t\t\t\t<div class=\"e-con-inner\">\n\t\t\t\t<div class=\"elementor-element elementor-element-295eb567 elementor-cta--skin-classic elementor-animated-content elementor-bg-transform elementor-bg-transform-zoom-in elementor-widget elementor-widget-call-to-action\" data-id=\"295eb567\" data-element_type=\"widget\" data-e-type=\"widget\" data-widget_type=\"call-to-action.default\">\n\t\t\t\t\t\t\t<div class=\"elementor-cta\">\n\t\t\t\t\t<div class=\"elementor-cta__bg-wrapper\">\n\t\t\t\t<div class=\"elementor-cta__bg elementor-bg\" style=\"background-image: url(https:\/\/www.sfup.org\/sfupwp\/wp-content\/uploads\/2026\/04\/Grupo_SetEncanto_1_Azul-1024x167.png);\" role=\"img\" aria-label=\"Grupo_SetEncanto_1_Azul\"><\/div>\n\t\t\t\t<div class=\"elementor-cta__bg-overlay\"><\/div>\n\t\t\t<\/div>\n\t\t\t\t\t\t\t<div class=\"elementor-cta__content\">\n\t\t\t\t\n\t\t\t\t\t\t\t\t\t<h2 class=\"elementor-cta__title elementor-cta__content-item elementor-content-item\">\n\t\t\t\t\t\tQuero fazer parte!\t\t\t\t\t<\/h2>\n\t\t\t\t\n\t\t\t\t\t\t\t\t\t<div class=\"elementor-cta__description elementor-cta__content-item elementor-content-item\">\n\t\t\t\t\t\tGostaria de fazer parte do grupo Set'Encanto\t\t\t\t\t<\/div>\n\t\t\t\t\n\t\t\t\t\t\t\t\t\t<div class=\"elementor-cta__button-wrapper elementor-cta__content-item elementor-content-item \">\n\t\t\t\t\t<a class=\"elementor-cta__button elementor-button elementor-size-\" href=\"https:\/\/www.sfup.org\/sfupwp\/contactos\/\">\n\t\t\t\t\t\tContactar\t\t\t\t\t<\/a>\n\t\t\t\t\t<\/div>\n\t\t\t\t\t\t\t<\/div>\n\t\t\t\t\t\t<\/div>\n\t\t\t\t\t\t<\/div>\n\t\t\t\t\t<\/div>\n\t\t\t\t<\/div>\n\t\t\t\t<\/div>\n\t\t","protected":false},"excerpt":{"rendered":"<p>Chorus&#8217;UP Escola de m\u00fasica M\u00fasica e Voz SET&#8217;ENCANTO O Set\u2019Encanto \u00e9 um grupo musical da SFUP, nascido em 2021, cuja forma\u00e7\u00e3o teve origem em elementos ligados a diferentes \u00e1reas da [&hellip;]<\/p>\n","protected":false},"author":12,"featured_media":5209,"parent":0,"menu_order":0,"comment_status":"closed","ping_status":"closed","template":"","meta":{"footnotes":""},"class_list":["post-25553","page","type-page","status-publish","has-post-thumbnail","hentry"],"_links":{"self":[{"href":"https:\/\/www.sfup.org\/sfupwp\/wp-json\/wp\/v2\/pages\/25553","targetHints":{"allow":["GET"]}}],"collection":[{"href":"https:\/\/www.sfup.org\/sfupwp\/wp-json\/wp\/v2\/pages"}],"about":[{"href":"https:\/\/www.sfup.org\/sfupwp\/wp-json\/wp\/v2\/types\/page"}],"author":[{"embeddable":true,"href":"https:\/\/www.sfup.org\/sfupwp\/wp-json\/wp\/v2\/users\/12"}],"replies":[{"embeddable":true,"href":"https:\/\/www.sfup.org\/sfupwp\/wp-json\/wp\/v2\/comments?post=25553"}],"version-history":[{"count":26,"href":"https:\/\/www.sfup.org\/sfupwp\/wp-json\/wp\/v2\/pages\/25553\/revisions"}],"predecessor-version":[{"id":25615,"href":"https:\/\/www.sfup.org\/sfupwp\/wp-json\/wp\/v2\/pages\/25553\/revisions\/25615"}],"wp:featuredmedia":[{"embeddable":true,"href":"https:\/\/www.sfup.org\/sfupwp\/wp-json\/wp\/v2\/media\/5209"}],"wp:attachment":[{"href":"https:\/\/www.sfup.org\/sfupwp\/wp-json\/wp\/v2\/media?parent=25553"}],"curies":[{"name":"wp","href":"https:\/\/api.w.org\/{rel}","templated":true}]}}