{"id":24723,"date":"2026-03-25T14:58:34","date_gmt":"2026-03-25T14:58:34","guid":{"rendered":"https:\/\/www.sfup.org\/sfupwp\/?page_id=24723"},"modified":"2026-04-18T01:38:34","modified_gmt":"2026-04-18T00:38:34","slug":"arquivo","status":"publish","type":"page","link":"https:\/\/www.sfup.org\/sfupwp\/arquivo\/","title":{"rendered":"Arquivo"},"content":{"rendered":"\t\t<div data-elementor-type=\"wp-page\" data-elementor-id=\"24723\" class=\"elementor elementor-24723\" data-elementor-post-type=\"page\">\n\t\t\t\t<div class=\"elementor-element elementor-element-e84651e e-flex e-con-boxed e-con e-parent\" data-id=\"e84651e\" data-element_type=\"container\" data-e-type=\"container\">\n\t\t\t\t\t<div class=\"e-con-inner\">\n\t\t\t\t<div class=\"elementor-element elementor-element-0cc757b elementor-widget elementor-widget-ot-heading\" data-id=\"0cc757b\" data-element_type=\"widget\" data-e-type=\"widget\" data-widget_type=\"ot-heading.default\">\n\t\t\t\t<div class=\"elementor-widget-container\">\n\t\t\t\t\t\t\t<div class=\"ot-heading\">\r\n\t\t\t<span class=\"ot-heading__sub\">SFUP<\/span>\t        <h2 class=\"ot-heading__title\">ARQUIVO DIGITAL<\/h2>\t    <\/div>\r\n\t    \t\t\t\t<\/div>\n\t\t\t\t<\/div>\n\t\t\t\t<div class=\"elementor-element elementor-element-f9a7d8a elementor-widget elementor-widget-text-editor\" data-id=\"f9a7d8a\" data-element_type=\"widget\" data-e-type=\"widget\" data-widget_type=\"text-editor.default\">\n\t\t\t\t\t\t\t\t\t<p>O arquivo da SFUP \u00e9 um tesouro partilhado. Fotografias, documentos hist\u00f3ricos, registos de espet\u00e1culos e grava\u00e7\u00f5es que contam a hist\u00f3ria viva da nossa comunidade.<\/p><p>\ud83d\udcf7 Fotografias\u00a0 |\u00a0 \ud83d\udcc4 Documentos hist\u00f3ricos\u00a0 |\u00a0 \ud83c\udfac Registos audiovisuais\u00a0 |\u00a0 \ud83d\udcf0 Recortes de imprensa\u00a0 |\u00a0 \ud83c\udfad Arquivo de espet\u00e1culos<\/p><p>O arquivo est\u00e1 em permanente atualiza\u00e7\u00e3o. Se possui documentos, fotografias ou registos que possam enriquecer a nossa cole\u00e7\u00e3o hist\u00f3rica, contacte-nos.<\/p>\t\t\t\t\t\t\t\t<\/div>\n\t\t\t\t<div class=\"elementor-element elementor-element-ff8958a elementor-widget elementor-widget-shortcode\" data-id=\"ff8958a\" data-element_type=\"widget\" data-e-type=\"widget\" data-widget_type=\"shortcode.default\">\n\t\t\t\t\t\t\t<div class=\"elementor-shortcode\">\t\t<div class=\"dlp-folders-container\" style=\"display:none;\">\n\t\t\t<div class=\"dlp-folders-search\"><label>Pesquisar:<input type=\"search\" placeholder=\"\" value=\"\"><\/label><div class=\"dlp-folders-reset\"><a class=\"reset\" href=\"#\"><div class=\"dlp-icon reset\"><svg version=\"1.1\" xmlns=\"http:\/\/www.w3.org\/2000\/svg\" width=\"32\" height=\"32\" viewBox=\"0 0 32 32\" aria-label=\"Redefinir\"><path d=\"M16 2c-4.418 0-8.418 1.791-11.313 4.687l-4.686-4.687v12h12l-4.485-4.485c2.172-2.172 5.172-3.515 8.485-3.515 6.627 0 12 5.373 12 12 0 3.584-1.572 6.801-4.063 9l2.646 3c3.322-2.932 5.417-7.221 5.417-12 0-8.837-7.163-16-16-16z\"><\/path><\/svg><\/div> Redefinir<\/a><\/div><\/div><div class=\"dlp-folders-search-results\"><\/div>\n\t\t\t<ul class=\"dlp-folders dlp-folders-root\" data-shortcode-atts='{\"post_type\":\"dlp_document\",\"layout\":\"table\"}'>\n\t\t\t\t\t\t\t\t\t<li class=\"dlp-folder dlp-folder closed\" data-category-id=\"173\">\n\t\t\t\t\t\t<span class=\"dlp-category\" tabindex=\"0\" role=\"button\" aria-expanded=\"false\">\n\t\t\t\t\t\t\t<div class=\"dlp-icon folder\" style=\"fill:#f6b900;\"><svg xmlns=\"http:\/\/www.w3.org\/2000\/svg\" viewBox=\"0 0 512 512\"><path d=\"M464 128H272l-64-64H48C21.49 64 0 85.49 0 112v288c0 26.51 21.49 48 48 48h416c26.51 0 48-21.49 48-48V176c0-26.51-21.49-48-48-48z\"\/><\/svg><\/div><div class=\"dlp-icon folder_open\" style=\"fill:#f6b900;\"><svg xmlns=\"http:\/\/www.w3.org\/2000\/svg\" viewBox=\"0 0 576 512\"><path d=\"M572.694 292.093L500.27 416.248A63.997 63.997 0 0 1 444.989 448H45.025c-18.523 0-30.064-20.093-20.731-36.093l72.424-124.155A64 64 0 0 1 152 256h399.964c18.523 0 30.064 20.093 20.73 36.093zM152 224h328v-48c0-26.51-21.49-48-48-48H272l-64-64H48C21.49 64 0 85.49 0 112v278.046l69.077-118.418C86.214 242.25 117.989 224 152 224z\"\/><\/svg><\/div>\t\t\t\t\t\t\t<span class=\"dlp-folder-label\">\n\t\t\t\t\t\t\t<span class=\"dlp-category-name\">Cartazes<\/span>\n\t\t\t\t\t\t\t\t\t\t\t\t\t\t<\/span>\n\t\t\t\t\t\t<\/span>\n\n\t\t\t\t\t\t<div class=\"dlp-folder-inner\">\n\t\t\t\t\t\t\t<div class=\"dlp-category-table\">\n\t\t\t\t\t\t\t<\/div>\n\n\t\t\t\t\t\t\t<div class=\"dlp-category-subcategories\">\n\t\t\t\t\t\t\t\t\t\t\t\t\t\t\t<\/div>\n\t\t\t\t\t\t<\/div>\n\t\t\t\t\t<\/li>\n\t\t\t\t\t\t\t\t\t<li class=\"dlp-folder dlp-folder closed\" data-category-id=\"177\">\n\t\t\t\t\t\t<span class=\"dlp-category\" tabindex=\"0\" role=\"button\" aria-expanded=\"false\">\n\t\t\t\t\t\t\t<div class=\"dlp-icon folder\" style=\"fill:#f6b900;\"><svg xmlns=\"http:\/\/www.w3.org\/2000\/svg\" viewBox=\"0 0 512 512\"><path d=\"M464 128H272l-64-64H48C21.49 64 0 85.49 0 112v288c0 26.51 21.49 48 48 48h416c26.51 0 48-21.49 48-48V176c0-26.51-21.49-48-48-48z\"\/><\/svg><\/div><div class=\"dlp-icon folder_open\" style=\"fill:#f6b900;\"><svg xmlns=\"http:\/\/www.w3.org\/2000\/svg\" viewBox=\"0 0 576 512\"><path d=\"M572.694 292.093L500.27 416.248A63.997 63.997 0 0 1 444.989 448H45.025c-18.523 0-30.064-20.093-20.731-36.093l72.424-124.155A64 64 0 0 1 152 256h399.964c18.523 0 30.064 20.093 20.73 36.093zM152 224h328v-48c0-26.51-21.49-48-48-48H272l-64-64H48C21.49 64 0 85.49 0 112v278.046l69.077-118.418C86.214 242.25 117.989 224 152 224z\"\/><\/svg><\/div>\t\t\t\t\t\t\t<span class=\"dlp-folder-label\">\n\t\t\t\t\t\t\t<span class=\"dlp-category-name\">Outros<\/span>\n\t\t\t\t\t\t\t\t\t\t\t\t\t\t<\/span>\n\t\t\t\t\t\t<\/span>\n\n\t\t\t\t\t\t<div class=\"dlp-folder-inner\">\n\t\t\t\t\t\t\t<div class=\"dlp-category-table\">\n\t\t\t\t\t\t\t<\/div>\n\n\t\t\t\t\t\t\t<div class=\"dlp-category-subcategories\">\n\t\t\t\t\t\t\t\t\t\t\t\t\t\t\t<\/div>\n\t\t\t\t\t\t<\/div>\n\t\t\t\t\t<\/li>\n\t\t\t\t\t\t\t<\/ul>\n\n\t\t\t\n\t\t<\/div>\n\t\t<\/div>\n\t\t\t\t\t\t<\/div>\n\t\t\t\t\t<\/div>\n\t\t\t\t<\/div>\n\t\t\t\t<\/div>\n\t\t","protected":false},"excerpt":{"rendered":"<p>SFUP ARQUIVO DIGITAL O arquivo da SFUP \u00e9 um tesouro partilhado. Fotografias, documentos hist\u00f3ricos, registos de espet\u00e1culos e grava\u00e7\u00f5es que contam a hist\u00f3ria viva da nossa comunidade. \ud83d\udcf7 Fotografias\u00a0 |\u00a0 [&hellip;]<\/p>\n","protected":false},"author":11,"featured_media":5057,"parent":0,"menu_order":0,"comment_status":"closed","ping_status":"open","template":"","meta":{"footnotes":""},"class_list":["post-24723","page","type-page","status-publish","has-post-thumbnail","hentry"],"_links":{"self":[{"href":"https:\/\/www.sfup.org\/sfupwp\/wp-json\/wp\/v2\/pages\/24723","targetHints":{"allow":["GET"]}}],"collection":[{"href":"https:\/\/www.sfup.org\/sfupwp\/wp-json\/wp\/v2\/pages"}],"about":[{"href":"https:\/\/www.sfup.org\/sfupwp\/wp-json\/wp\/v2\/types\/page"}],"author":[{"embeddable":true,"href":"https:\/\/www.sfup.org\/sfupwp\/wp-json\/wp\/v2\/users\/11"}],"replies":[{"embeddable":true,"href":"https:\/\/www.sfup.org\/sfupwp\/wp-json\/wp\/v2\/comments?post=24723"}],"version-history":[{"count":39,"href":"https:\/\/www.sfup.org\/sfupwp\/wp-json\/wp\/v2\/pages\/24723\/revisions"}],"predecessor-version":[{"id":25427,"href":"https:\/\/www.sfup.org\/sfupwp\/wp-json\/wp\/v2\/pages\/24723\/revisions\/25427"}],"wp:featuredmedia":[{"embeddable":true,"href":"https:\/\/www.sfup.org\/sfupwp\/wp-json\/wp\/v2\/media\/5057"}],"wp:attachment":[{"href":"https:\/\/www.sfup.org\/sfupwp\/wp-json\/wp\/v2\/media?parent=24723"}],"curies":[{"name":"wp","href":"https:\/\/api.w.org\/{rel}","templated":true}]}}